{"id":8,"date":"2021-11-06T13:30:52","date_gmt":"2021-11-06T13:30:52","guid":{"rendered":"https:\/\/vertigou2.com\/?page_id=8"},"modified":"2022-02-28T01:22:36","modified_gmt":"2022-02-28T01:22:36","slug":"inicio","status":"publish","type":"page","link":"https:\/\/vertigou2.com\/","title":{"rendered":"Inicio"},"content":{"rendered":"<p style=\"text-align: left;\"><b>De acuerdo a la cr\u00edtica, es tan real el parecido a U2 que logran crear la sensaci\u00f3n de estar vi\u00e9ndolos en vivo. E<\/b>l show reproduce a los U2&nbsp; en todo concepto est\u00e9tico y sonoro,&nbsp; ya que usan los mismos equipos e Instrumentos para brindar el mejor homenaje a los Irlandeses. &nbsp;Te vas a emocionar y cantaras los temas como si estuvieras en un show en pleno DUBLIN.<\/p>\n<p style=\"text-align: left;\">Es considerada &nbsp;la mejor banda tributo a U2 de Am\u00e9rica , con m\u00e1s de veinte a\u00f1os rindiendo homenaje a Bono Vox y su banda.<\/p>\n<p style=\"text-align: left;\">&nbsp;El sonido de la banda en vivo es demoledor, la voz del cantante Freddy Salami , los delays del guitarrista y la base contundente de la bater\u00eda y el bajo suelen transportar al espectador a un concierto en vivo de U2.<\/p>\n<p style=\"text-align: left;\">El concepto del show es contar la historia musical de los U2, a trav\u00e9s de sus canciones y videos. El set list, incluye los mejores temas de todas las \u00e9pocas de la banda, m\u00e1s un set ac\u00fastico en la mitad del show.Adem\u00e1s <strong>su espect\u00e1culo ofrece una experiencia audiovisual que acerca a los fan\u00e1ticos de la banda liderada por Bono Vox, a vivir un aut\u00e9ntico show. Calidad musical y vocal, est\u00e9tica, look, actitud esc\u00e9nica e intrumentos originales; lo logran.<\/strong><\/p>\n<p style=\"text-align: left;\">M\u00e1s de 3.000 shows avalan la calidad, categor\u00eda y profesionalismo de esta banda, que ha tocado para las m\u00e1s importantes empresas, en teatros, como el Coliseo, y ha realizado muchas giras por la Argentina y pa\u00edses lim\u00edtrofes.<\/p>\n<p style=\"text-align: left;\">\u00abWith or without you\u00bb, \u201cSunday blody sunday\u201d , \u201cOne \u201c son algunos de los hits que&nbsp; m\u00e1s suenan en sus conciertos.<\/p>\n<p><iframe loading=\"lazy\" title=\"U2 - VERTIGO - Beautiful day - One - Elevation, Mysterious ways - Pride - Sunday - Stuck - Tribute\" width=\"880\" height=\"495\" src=\"https:\/\/www.youtube.com\/embed\/GqoWloNygy0?feature=oembed\" frameborder=\"0\" allow=\"accelerometer; autoplay; clipboard-write; encrypted-media; gyroscope; picture-in-picture\" allowfullscreen><\/iframe><br \/>\n<a href=\"\">U2<\/a><\/p>\n<p>U2 1976 \u2013 2022 \u2013 Originaria de Dubl\u00edn (Irlanda), formada en 1976 por Bono (voz), The Edge (guitarra, teclado y voz), Adam Clayton (bajo), y Larry Mullen Jr. (bater\u00eda) Se form\u00f3 en el oto\u00f1o de 1976 despu\u00e9s que Larry Mullen, Jr., de 14 a\u00f1os, publicara una nota en anuncios de su escuela Mount Temple Comprehensive School, buscando m\u00fasicos . Originalmente nacieron como \u00abFeedback\u00bbQue cambi\u00f3 su nombre a \u00abThe Hype\u00bb y finalmente a U2. La oportunidad lleg\u00f3 en un concurso de talentos en Limerick, Irlanda, en marzo de 1978. y , U2 gan\u00f3 el concurso, obteniendo un Premio de \u00a3 500 y tiempo de estudio para grabar su primera demo y poco despu\u00e9s la banda convenci\u00f3 a un empresario de Dubl\u00edn llamado Paul McGuinness para ser su manager\u2026: Luego&nbsp; de cuatro a\u00f1os, firmaron su primer contrato discogr\u00e1fico con Island Records y lanzaron su \u00e1lbum debut, llamado Boy. \u2014 luego de 5 discos, en 1987 su nuevo disco The Joshua Tree los catapult\u00f3 a la fama, U2 y su gira agot\u00f3 estadios en todo el mundo. U2 se hab\u00eda convertido en la banda m\u00e1s grande del mundo. Y desde alli, nunca pararon hasta este a\u00f1o 2022\u2026 jugandose desde&nbsp; 1988 con una gira por los EEUU con el albun Rattle and Hum , en 1991, Achtung Baby , luergo Zoo TV Tour; y Su salto m\u00e1s alejado en 1997 con el \u00e1lbum Pop, hasta que en 2000 volvieran a sus raices con el disco All That You Can\u2019t Leave Behind. y asi siguieron hasta el ultimo disco\u2026.<\/p>\n","protected":false},"excerpt":{"rendered":"<p>De acuerdo a la cr\u00edtica, es tan real el parecido a U2 que logran crear la sensaci\u00f3n de estar vi\u00e9ndolos<\/p>\n<p><a href=\"https:\/\/vertigou2.com\/\" class=\"more-link\">Seguir leyendo<span class=\"screen-reader-text\">Inicio<\/span><\/a><\/p>\n","protected":false},"author":1,"featured_media":0,"parent":0,"menu_order":0,"comment_status":"closed","ping_status":"closed","template":"elementor_header_footer","meta":{"footnotes":""},"class_list":["post-8","page","type-page","status-publish","hentry"],"_links":{"self":[{"href":"https:\/\/vertigou2.com\/index.php\/wp-json\/wp\/v2\/pages\/8","targetHints":{"allow":["GET"]}}],"collection":[{"href":"https:\/\/vertigou2.com\/index.php\/wp-json\/wp\/v2\/pages"}],"about":[{"href":"https:\/\/vertigou2.com\/index.php\/wp-json\/wp\/v2\/types\/page"}],"author":[{"embeddable":true,"href":"https:\/\/vertigou2.com\/index.php\/wp-json\/wp\/v2\/users\/1"}],"replies":[{"embeddable":true,"href":"https:\/\/vertigou2.com\/index.php\/wp-json\/wp\/v2\/comments?post=8"}],"version-history":[{"count":45,"href":"https:\/\/vertigou2.com\/index.php\/wp-json\/wp\/v2\/pages\/8\/revisions"}],"predecessor-version":[{"id":183,"href":"https:\/\/vertigou2.com\/index.php\/wp-json\/wp\/v2\/pages\/8\/revisions\/183"}],"wp:attachment":[{"href":"https:\/\/vertigou2.com\/index.php\/wp-json\/wp\/v2\/media?parent=8"}],"curies":[{"name":"wp","href":"https:\/\/api.w.org\/{rel}","templated":true}]}}